{"id":907,"date":"2025-10-06T20:42:55","date_gmt":"2025-10-06T20:42:55","guid":{"rendered":"https:\/\/libertparis.com\/?page_id=907"},"modified":"2025-12-12T19:13:55","modified_gmt":"2025-12-12T19:13:55","slug":"traiteur-particulier","status":"publish","type":"page","link":"https:\/\/libertparis.com\/index.php\/nos-prestations\/traiteur-particulier\/","title":{"rendered":"Traiteur Particulier"},"content":{"rendered":"\t\t<div data-elementor-type=\"wp-page\" data-elementor-id=\"907\" class=\"elementor elementor-907\">\n\t\t\t\t<div class=\"elementor-element elementor-element-7c82f59 e-flex e-con-boxed wpr-particle-no wpr-jarallax-no wpr-parallax-no wpr-sticky-section-no e-con e-parent\" data-id=\"7c82f59\" data-element_type=\"container\" data-settings=\"{&quot;background_background&quot;:&quot;classic&quot;}\">\n\t\t\t\t\t<div class=\"e-con-inner\">\n\t\t\t\t<div class=\"elementor-element elementor-element-d6355a3 elementor-widget elementor-widget-heading\" data-id=\"d6355a3\" data-element_type=\"widget\" data-widget_type=\"heading.default\">\n\t\t\t\t\t<h2 class=\"elementor-heading-title elementor-size-default\">L\u2019ART DU TRAITEUR HAUT DE GAMME POUR PARTICULIERS<\/h2>\t\t\t\t<\/div>\n\t\t\t\t<div class=\"elementor-element elementor-element-3a2d581 elementor-widget-divider--view-line elementor-widget elementor-widget-divider\" data-id=\"3a2d581\" data-element_type=\"widget\" data-widget_type=\"divider.default\">\n\t\t\t\t\t\t\t<div class=\"elementor-divider\">\n\t\t\t<span class=\"elementor-divider-separator\">\n\t\t\t\t\t\t<\/span>\n\t\t<\/div>\n\t\t\t\t\t\t<\/div>\n\t\t\t\t\t<\/div>\n\t\t\t\t<\/div>\n\t\t<div class=\"elementor-element elementor-element-858f127 e-flex e-con-boxed wpr-particle-no wpr-jarallax-no wpr-parallax-no wpr-sticky-section-no e-con e-parent\" data-id=\"858f127\" data-element_type=\"container\">\n\t\t\t\t\t<div class=\"e-con-inner\">\n\t\t\t\t<div class=\"elementor-element elementor-element-21bbe6b elementor-widget elementor-widget-spacer\" data-id=\"21bbe6b\" data-element_type=\"widget\" data-widget_type=\"spacer.default\">\n\t\t\t\t\t\t\t<div class=\"elementor-spacer\">\n\t\t\t<div class=\"elementor-spacer-inner\"><\/div>\n\t\t<\/div>\n\t\t\t\t\t\t<\/div>\n\t\t\t\t<div class=\"elementor-element elementor-element-b2d382e elementor-widget elementor-widget-heading\" data-id=\"b2d382e\" data-element_type=\"widget\" data-widget_type=\"heading.default\">\n\t\t\t\t\t<h2 class=\"elementor-heading-title elementor-size-default\">\u00c9V\u00c9NEMENTS PRIV\u00c9S<\/h2>\t\t\t\t<\/div>\n\t\t\t\t<div class=\"elementor-element elementor-element-dcef69e elementor-widget-divider--view-line elementor-widget elementor-widget-divider\" data-id=\"dcef69e\" data-element_type=\"widget\" data-widget_type=\"divider.default\">\n\t\t\t\t\t\t\t<div class=\"elementor-divider\">\n\t\t\t<span class=\"elementor-divider-separator\">\n\t\t\t\t\t\t<\/span>\n\t\t<\/div>\n\t\t\t\t\t\t<\/div>\n\t\t\t\t\t<\/div>\n\t\t\t\t<\/div>\n\t\t<div class=\"elementor-element elementor-element-9aad9a9 e-flex e-con-boxed wpr-particle-no wpr-jarallax-no wpr-parallax-no wpr-sticky-section-no elementor-invisible e-con e-parent\" data-id=\"9aad9a9\" data-element_type=\"container\" data-settings=\"{&quot;animation&quot;:&quot;slideInRight&quot;}\">\n\t\t\t\t\t<div class=\"e-con-inner\">\n\t\t<div class=\"elementor-element elementor-element-c8f5d06 e-con-full e-flex wpr-particle-no wpr-jarallax-no wpr-parallax-no wpr-sticky-section-no e-con e-child\" data-id=\"c8f5d06\" data-element_type=\"container\">\n\t\t\t\t<div class=\"elementor-element elementor-element-64454e0 elementor-widget elementor-widget-heading\" data-id=\"64454e0\" data-element_type=\"widget\" data-widget_type=\"heading.default\">\n\t\t\t\t\t<h2 class=\"elementor-heading-title elementor-size-default\">Art culinaire au service de votre mariage<\/h2>\t\t\t\t<\/div>\n\t\t\t\t<div class=\"elementor-element elementor-element-1055250 elementor-widget-divider--view-line elementor-widget elementor-widget-divider\" data-id=\"1055250\" data-element_type=\"widget\" data-widget_type=\"divider.default\">\n\t\t\t\t\t\t\t<div class=\"elementor-divider\">\n\t\t\t<span class=\"elementor-divider-separator\">\n\t\t\t\t\t\t<\/span>\n\t\t<\/div>\n\t\t\t\t\t\t<\/div>\n\t\t\t\t<div class=\"elementor-element elementor-element-e2ba262 elementor-widget elementor-widget-text-editor\" data-id=\"e2ba262\" data-element_type=\"widget\" data-widget_type=\"text-editor.default\">\n\t\t\t\t\t\t\t\t\t<p>Chez <strong>LibertParis<\/strong>, nous c\u00e9l\u00e9brons l\u2019art de vivre \u00e0 la fran\u00e7aise avec une \u00e9l\u00e9gance intemporelle. Chaque mariage que nous accompagnons devient une \u0153uvre d\u2019exception, pens\u00e9e dans les moindres d\u00e9tails pour offrir \u00e0 vos invit\u00e9s une exp\u00e9rience sensorielle inoubliable, empreinte de gr\u00e2ce et de raffinement.<\/p><p>Des premi\u00e8res bouch\u00e9es d\u00e9licates aux pi\u00e8ces mont\u00e9es spectaculaires, en passant par nos croquembouches aux choux caram\u00e9lis\u00e9s garnis d\u2019une cr\u00e8me vanille onctueuse, chaque cr\u00e9ation culinaire est une promesse d\u2019\u00e9merveillement. Nos chefs, p\u00e2tissiers, boulangers, glaciers, confiseurs, chocolatiers, sommeliers, ma\u00eetres d\u2019h\u00f4tel et conseillers conjuguent leur savoir-faire pour composer des instants de pure magie gastronomique.<\/p><p>Parce qu\u2019un mariage d\u2019exception m\u00e9rite une sc\u00e9nographie \u00e0 sa hauteur, <strong>LibertParis<\/strong>, en collaboration avec <strong>F\u00e9e d\u2019un jour<\/strong><\/p>\t\t\t\t\t\t\t\t<\/div>\n\t\t\t\t<\/div>\n\t\t<div class=\"elementor-element elementor-element-f8fbb23 e-con-full e-flex wpr-particle-no wpr-jarallax-no wpr-parallax-no wpr-sticky-section-no e-con e-child\" data-id=\"f8fbb23\" data-element_type=\"container\">\n\t\t\t\t<div class=\"elementor-element elementor-element-ce4b4dc elementor-widget elementor-widget-image\" data-id=\"ce4b4dc\" data-element_type=\"widget\" data-widget_type=\"image.default\">\n\t\t\t\t\t\t\t\t\t\t\t\t\t\t\t<img fetchpriority=\"high\" decoding=\"async\" width=\"683\" height=\"1024\" src=\"https:\/\/libertparis.com\/wp-content\/uploads\/2025\/12\/Martens_DSC5716-683x1024.webp\" class=\"attachment-large size-large wp-image-2191\" alt=\"\" srcset=\"https:\/\/libertparis.com\/wp-content\/uploads\/2025\/12\/Martens_DSC5716-683x1024.webp 683w, https:\/\/libertparis.com\/wp-content\/uploads\/2025\/12\/Martens_DSC5716-200x300.webp 200w, https:\/\/libertparis.com\/wp-content\/uploads\/2025\/12\/Martens_DSC5716-768x1152.webp 768w, https:\/\/libertparis.com\/wp-content\/uploads\/2025\/12\/Martens_DSC5716.webp 1000w\" sizes=\"(max-width: 683px) 100vw, 683px\" \/>\t\t\t\t\t\t\t\t\t\t\t\t\t\t\t<\/div>\n\t\t\t\t<\/div>\n\t\t\t\t\t<\/div>\n\t\t\t\t<\/div>\n\t\t<div class=\"elementor-element elementor-element-4eb1a6c e-flex e-con-boxed wpr-particle-no wpr-jarallax-no wpr-parallax-no wpr-sticky-section-no e-con e-parent\" data-id=\"4eb1a6c\" data-element_type=\"container\">\n\t\t\t\t\t<div class=\"e-con-inner\">\n\t\t\t\t<div class=\"elementor-element elementor-element-e107457 elementor-widget elementor-widget-spacer\" data-id=\"e107457\" data-element_type=\"widget\" data-widget_type=\"spacer.default\">\n\t\t\t\t\t\t\t<div class=\"elementor-spacer\">\n\t\t\t<div class=\"elementor-spacer-inner\"><\/div>\n\t\t<\/div>\n\t\t\t\t\t\t<\/div>\n\t\t\t\t\t<\/div>\n\t\t\t\t<\/div>\n\t\t<div class=\"elementor-element elementor-element-a4158d8 e-flex e-con-boxed wpr-particle-no wpr-jarallax-no wpr-parallax-no wpr-sticky-section-no elementor-invisible e-con e-parent\" data-id=\"a4158d8\" data-element_type=\"container\" data-settings=\"{&quot;animation&quot;:&quot;slideInLeft&quot;}\">\n\t\t\t\t\t<div class=\"e-con-inner\">\n\t\t<div class=\"elementor-element elementor-element-5c0b0ef e-con-full e-flex wpr-particle-no wpr-jarallax-no wpr-parallax-no wpr-sticky-section-no e-con e-child\" data-id=\"5c0b0ef\" data-element_type=\"container\">\n\t\t\t\t<div class=\"elementor-element elementor-element-729cd23 elementor-widget elementor-widget-image\" data-id=\"729cd23\" data-element_type=\"widget\" data-widget_type=\"image.default\">\n\t\t\t\t\t\t\t\t\t\t\t\t\t\t\t<img decoding=\"async\" width=\"683\" height=\"1024\" src=\"https:\/\/libertparis.com\/wp-content\/uploads\/2025\/12\/Martens_DSC5605-683x1024.webp\" class=\"attachment-large size-large wp-image-2183\" alt=\"\" srcset=\"https:\/\/libertparis.com\/wp-content\/uploads\/2025\/12\/Martens_DSC5605-683x1024.webp 683w, https:\/\/libertparis.com\/wp-content\/uploads\/2025\/12\/Martens_DSC5605-200x300.webp 200w, https:\/\/libertparis.com\/wp-content\/uploads\/2025\/12\/Martens_DSC5605-768x1152.webp 768w, https:\/\/libertparis.com\/wp-content\/uploads\/2025\/12\/Martens_DSC5605.webp 1000w\" sizes=\"(max-width: 683px) 100vw, 683px\" \/>\t\t\t\t\t\t\t\t\t\t\t\t\t\t\t<\/div>\n\t\t\t\t<\/div>\n\t\t<div class=\"elementor-element elementor-element-3090236 e-con-full e-flex wpr-particle-no wpr-jarallax-no wpr-parallax-no wpr-sticky-section-no e-con e-child\" data-id=\"3090236\" data-element_type=\"container\">\n\t\t\t\t<div class=\"elementor-element elementor-element-2032206 elementor-widget elementor-widget-heading\" data-id=\"2032206\" data-element_type=\"widget\" data-widget_type=\"heading.default\">\n\t\t\t\t\t<h2 class=\"elementor-heading-title elementor-size-default\">Buffet signature pour anniversaire<\/h2>\t\t\t\t<\/div>\n\t\t\t\t<div class=\"elementor-element elementor-element-48930d9 elementor-widget-divider--view-line elementor-widget elementor-widget-divider\" data-id=\"48930d9\" data-element_type=\"widget\" data-widget_type=\"divider.default\">\n\t\t\t\t\t\t\t<div class=\"elementor-divider\">\n\t\t\t<span class=\"elementor-divider-separator\">\n\t\t\t\t\t\t<\/span>\n\t\t<\/div>\n\t\t\t\t\t\t<\/div>\n\t\t\t\t<div class=\"elementor-element elementor-element-271e7de elementor-widget elementor-widget-text-editor\" data-id=\"271e7de\" data-element_type=\"widget\" data-widget_type=\"text-editor.default\">\n\t\t\t\t\t\t\t\t\t<p>Chaque anniversaire est une occasion unique de c\u00e9l\u00e9brer la vie, les souvenirs et les instants pr\u00e9cieux. Chez <strong>LibertParis<\/strong>, nous mettons tout notre savoir-faire au service de votre f\u00eate, qu\u2019il s\u2019agisse d\u2019un anniversaire d\u2019enfant f\u00e9erique ou d\u2019une c\u00e9l\u00e9bration marquant une \u00e9tape importante.<\/p><p>Nos chefs et p\u00e2tissiers imaginent des cr\u00e9ations gourmandes et personnalis\u00e9es : g\u00e2teaux th\u00e9matiques, bouch\u00e9es sal\u00e9es et sucr\u00e9es, cocktails raffin\u00e9s\u2026 tout est pens\u00e9 pour \u00e9merveiller vos invit\u00e9s et cr\u00e9er une ambiance festive \u00e0 votre image.<\/p><p>Buffet debout ou repas assis, en int\u00e9rieur ou en plein air, nous adaptons chaque d\u00e9tail \u00e0 vos envies. Et pour sublimer l\u2019ensemble, <strong>LibertParis<\/strong>, en collaboration avec <strong>F\u00e9e d\u2019un jour<\/strong>, vous accompagne dans la sc\u00e9nographie compl\u00e8te : d\u00e9coration florale, art de la table, mise en lumi\u00e8re et recherche du lieu id\u00e9al.<\/p>\t\t\t\t\t\t\t\t<\/div>\n\t\t\t\t<\/div>\n\t\t\t\t\t<\/div>\n\t\t\t\t<\/div>\n\t\t\t\t<\/div>\n\t\t","protected":false},"excerpt":{"rendered":"<p>L\u2019ART DU TRAITEUR HAUT DE GAMME POUR PARTICULIERS \u00c9V\u00c9NEMENTS PRIV\u00c9S Art culinaire au service de votre mariage Chez LibertParis, nous c\u00e9l\u00e9brons l\u2019art de vivre \u00e0 la fran\u00e7aise avec une \u00e9l\u00e9gance intemporelle. Chaque mariage que nous accompagnons devient une \u0153uvre d\u2019exception, pens\u00e9e dans les moindres d\u00e9tails pour offrir \u00e0 vos invit\u00e9s une exp\u00e9rience sensorielle inoubliable, empreinte de gr\u00e2ce et de raffinement. Des premi\u00e8res bouch\u00e9es d\u00e9licates aux pi\u00e8ces mont\u00e9es spectaculaires, en passant par nos croquembouches aux choux caram\u00e9lis\u00e9s garnis d\u2019une cr\u00e8me vanille onctueuse, chaque cr\u00e9ation culinaire est une promesse d\u2019\u00e9merveillement. Nos chefs, p\u00e2tissiers, boulangers, glaciers, confiseurs, chocolatiers, sommeliers, ma\u00eetres d\u2019h\u00f4tel et conseillers conjuguent leur savoir-faire pour composer des instants de pure magie gastronomique. Parce qu\u2019un mariage d\u2019exception m\u00e9rite une sc\u00e9nographie \u00e0 sa hauteur, LibertParis, en collaboration avec F\u00e9e d\u2019un jour Buffet signature pour anniversaire Chaque anniversaire est une occasion unique de c\u00e9l\u00e9brer la vie, les souvenirs et les instants pr\u00e9cieux. Chez LibertParis, nous mettons tout notre savoir-faire au service de votre f\u00eate, qu\u2019il s\u2019agisse d\u2019un anniversaire d\u2019enfant f\u00e9erique ou d\u2019une c\u00e9l\u00e9bration marquant une \u00e9tape importante. Nos chefs et p\u00e2tissiers imaginent des cr\u00e9ations gourmandes et personnalis\u00e9es : g\u00e2teaux th\u00e9matiques, bouch\u00e9es sal\u00e9es et sucr\u00e9es, cocktails raffin\u00e9s\u2026 tout est pens\u00e9 pour \u00e9merveiller vos invit\u00e9s et cr\u00e9er une ambiance festive \u00e0 votre image. Buffet debout ou repas assis, en int\u00e9rieur ou en plein air, nous adaptons chaque d\u00e9tail \u00e0 vos envies. Et pour sublimer l\u2019ensemble, LibertParis, en collaboration avec F\u00e9e d\u2019un jour, vous accompagne dans la sc\u00e9nographie compl\u00e8te : d\u00e9coration florale, art de la table, mise en lumi\u00e8re et recherche du lieu id\u00e9al.<\/p>\n","protected":false},"author":3,"featured_media":0,"parent":833,"menu_order":0,"comment_status":"closed","ping_status":"closed","template":"","meta":{"ocean_post_layout":"","ocean_both_sidebars_style":"","ocean_both_sidebars_content_width":0,"ocean_both_sidebars_sidebars_width":0,"ocean_sidebar":"","ocean_second_sidebar":"","ocean_disable_margins":"enable","ocean_add_body_class":"","ocean_shortcode_before_top_bar":"","ocean_shortcode_after_top_bar":"","ocean_shortcode_before_header":"","ocean_shortcode_after_header":"","ocean_has_shortcode":"","ocean_shortcode_after_title":"","ocean_shortcode_before_footer_widgets":"","ocean_shortcode_after_footer_widgets":"","ocean_shortcode_before_footer_bottom":"","ocean_shortcode_after_footer_bottom":"","ocean_display_top_bar":"default","ocean_display_header":"default","ocean_header_style":"","ocean_center_header_left_menu":"","ocean_custom_header_template":"","ocean_custom_logo":0,"ocean_custom_retina_logo":0,"ocean_custom_logo_max_width":0,"ocean_custom_logo_tablet_max_width":0,"ocean_custom_logo_mobile_max_width":0,"ocean_custom_logo_max_height":0,"ocean_custom_logo_tablet_max_height":0,"ocean_custom_logo_mobile_max_height":0,"ocean_header_custom_menu":"","ocean_menu_typo_font_family":"","ocean_menu_typo_font_subset":"","ocean_menu_typo_font_size":0,"ocean_menu_typo_font_size_tablet":0,"ocean_menu_typo_font_size_mobile":0,"ocean_menu_typo_font_size_unit":"px","ocean_menu_typo_font_weight":"","ocean_menu_typo_font_weight_tablet":"","ocean_menu_typo_font_weight_mobile":"","ocean_menu_typo_transform":"","ocean_menu_typo_transform_tablet":"","ocean_menu_typo_transform_mobile":"","ocean_menu_typo_line_height":0,"ocean_menu_typo_line_height_tablet":0,"ocean_menu_typo_line_height_mobile":0,"ocean_menu_typo_line_height_unit":"","ocean_menu_typo_spacing":0,"ocean_menu_typo_spacing_tablet":0,"ocean_menu_typo_spacing_mobile":0,"ocean_menu_typo_spacing_unit":"","ocean_menu_link_color":"","ocean_menu_link_color_hover":"","ocean_menu_link_color_active":"","ocean_menu_link_background":"","ocean_menu_link_hover_background":"","ocean_menu_link_active_background":"","ocean_menu_social_links_bg":"","ocean_menu_social_hover_links_bg":"","ocean_menu_social_links_color":"","ocean_menu_social_hover_links_color":"","ocean_disable_title":"default","ocean_disable_heading":"default","ocean_post_title":"","ocean_post_subheading":"","ocean_post_title_style":"","ocean_post_title_background_color":"","ocean_post_title_background":0,"ocean_post_title_bg_image_position":"","ocean_post_title_bg_image_attachment":"","ocean_post_title_bg_image_repeat":"","ocean_post_title_bg_image_size":"","ocean_post_title_height":0,"ocean_post_title_bg_overlay":0.5,"ocean_post_title_bg_overlay_color":"","ocean_disable_breadcrumbs":"default","ocean_breadcrumbs_color":"","ocean_breadcrumbs_separator_color":"","ocean_breadcrumbs_links_color":"","ocean_breadcrumbs_links_hover_color":"","ocean_display_footer_widgets":"default","ocean_display_footer_bottom":"default","ocean_custom_footer_template":"","footnotes":""},"class_list":["post-907","page","type-page","status-publish","hentry","entry"],"_links":{"self":[{"href":"https:\/\/libertparis.com\/index.php\/wp-json\/wp\/v2\/pages\/907","targetHints":{"allow":["GET"]}}],"collection":[{"href":"https:\/\/libertparis.com\/index.php\/wp-json\/wp\/v2\/pages"}],"about":[{"href":"https:\/\/libertparis.com\/index.php\/wp-json\/wp\/v2\/types\/page"}],"author":[{"embeddable":true,"href":"https:\/\/libertparis.com\/index.php\/wp-json\/wp\/v2\/users\/3"}],"replies":[{"embeddable":true,"href":"https:\/\/libertparis.com\/index.php\/wp-json\/wp\/v2\/comments?post=907"}],"version-history":[{"count":52,"href":"https:\/\/libertparis.com\/index.php\/wp-json\/wp\/v2\/pages\/907\/revisions"}],"predecessor-version":[{"id":2215,"href":"https:\/\/libertparis.com\/index.php\/wp-json\/wp\/v2\/pages\/907\/revisions\/2215"}],"up":[{"embeddable":true,"href":"https:\/\/libertparis.com\/index.php\/wp-json\/wp\/v2\/pages\/833"}],"wp:attachment":[{"href":"https:\/\/libertparis.com\/index.php\/wp-json\/wp\/v2\/media?parent=907"}],"curies":[{"name":"wp","href":"https:\/\/api.w.org\/{rel}","templated":true}]}}