{"id":905,"date":"2025-10-06T20:42:41","date_gmt":"2025-10-06T20:42:41","guid":{"rendered":"https:\/\/libertparis.com\/?page_id=905"},"modified":"2025-12-12T19:01:56","modified_gmt":"2025-12-12T19:01:56","slug":"traiteur-entreprise","status":"publish","type":"page","link":"https:\/\/libertparis.com\/index.php\/nos-prestations\/traiteur-entreprise\/","title":{"rendered":"Traiteur Entreprise"},"content":{"rendered":"\t\t<div data-elementor-type=\"wp-page\" data-elementor-id=\"905\" class=\"elementor elementor-905\">\n\t\t\t\t<div class=\"elementor-element elementor-element-2e1a855 e-flex e-con-boxed wpr-particle-no wpr-jarallax-no wpr-parallax-no wpr-sticky-section-no e-con e-parent\" data-id=\"2e1a855\" data-element_type=\"container\" data-settings=\"{&quot;background_background&quot;:&quot;classic&quot;}\">\n\t\t\t\t\t<div class=\"e-con-inner\">\n\t\t\t\t<div class=\"elementor-element elementor-element-7f13874 elementor-widget elementor-widget-heading\" data-id=\"7f13874\" data-element_type=\"widget\" data-widget_type=\"heading.default\">\n\t\t\t\t\t<h2 class=\"elementor-heading-title elementor-size-default\">CUISINE RAFFIN\u00c9E AU SERVICE DES PROFESSIONNELS<\/h2>\t\t\t\t<\/div>\n\t\t\t\t<div class=\"elementor-element elementor-element-ac3a731 elementor-widget-divider--view-line elementor-widget elementor-widget-divider\" data-id=\"ac3a731\" data-element_type=\"widget\" data-widget_type=\"divider.default\">\n\t\t\t\t\t\t\t<div class=\"elementor-divider\">\n\t\t\t<span class=\"elementor-divider-separator\">\n\t\t\t\t\t\t<\/span>\n\t\t<\/div>\n\t\t\t\t\t\t<\/div>\n\t\t\t\t\t<\/div>\n\t\t\t\t<\/div>\n\t\t<div class=\"elementor-element elementor-element-fc58934 e-flex e-con-boxed wpr-particle-no wpr-jarallax-no wpr-parallax-no wpr-sticky-section-no e-con e-parent\" data-id=\"fc58934\" data-element_type=\"container\">\n\t\t\t\t\t<div class=\"e-con-inner\">\n\t\t\t\t<div class=\"elementor-element elementor-element-76e6eeb elementor-widget elementor-widget-spacer\" data-id=\"76e6eeb\" data-element_type=\"widget\" data-widget_type=\"spacer.default\">\n\t\t\t\t\t\t\t<div class=\"elementor-spacer\">\n\t\t\t<div class=\"elementor-spacer-inner\"><\/div>\n\t\t<\/div>\n\t\t\t\t\t\t<\/div>\n\t\t\t\t<div class=\"elementor-element elementor-element-d3f3b31 elementor-widget elementor-widget-heading\" data-id=\"d3f3b31\" data-element_type=\"widget\" data-widget_type=\"heading.default\">\n\t\t\t\t\t<h2 class=\"elementor-heading-title elementor-size-default\">R\u00c9UNION CONVIVIALE ENTRE COLLABORATEURS<\/h2>\t\t\t\t<\/div>\n\t\t\t\t<div class=\"elementor-element elementor-element-fa125b7 elementor-widget-divider--view-line elementor-widget elementor-widget-divider\" data-id=\"fa125b7\" data-element_type=\"widget\" data-widget_type=\"divider.default\">\n\t\t\t\t\t\t\t<div class=\"elementor-divider\">\n\t\t\t<span class=\"elementor-divider-separator\">\n\t\t\t\t\t\t<\/span>\n\t\t<\/div>\n\t\t\t\t\t\t<\/div>\n\t\t\t\t<div class=\"elementor-element elementor-element-ec462a2 elementor-widget elementor-widget-text-editor\" data-id=\"ec462a2\" data-element_type=\"widget\" data-widget_type=\"text-editor.default\">\n\t\t\t\t\t\t\t\t\t<h3>\ud83c\udf1f <strong>LibertParis : l\u2019excellence culinaire au service des entreprises<\/strong><\/h3><p>Depuis plusieurs d\u00e9cennies, notre savoir-faire en mati\u00e8re de <strong>traiteur haut de gamme<\/strong> s\u2019est impos\u00e9 comme une r\u00e9f\u00e9rence d\u2019excellence aupr\u00e8s des professionnels.<\/p><p>\ud83c\udf78 <strong>Cocktails raffin\u00e9s<\/strong>, \ud83c\udf7d\ufe0f <strong>repas assis<\/strong>, \ud83c\udfa9 <strong>d\u00eeners de gala<\/strong> : chaque \u00e9v\u00e9nement est con\u00e7u avec un souci constant du d\u00e9tail et du perfectionnement. \ud83c\udfdb\ufe0f Que la r\u00e9ception soit prestigieuse dans un lieu d\u2019exception ou plus d\u00e9contract\u00e9e au sein de votre entreprise, nous garantissons une qualit\u00e9 irr\u00e9prochable pour chaque pi\u00e8ce et chaque plat. \u2728 Surprendre et ravir vos convives est notre priorit\u00e9 absolue.<\/p><div>\u00a0<\/div><h3>\ud83c\udf74 <strong>Des cr\u00e9ations culinaires sur mesure<\/strong><\/h3><p>Nos pi\u00e8ces cocktails <strong>sal\u00e9es ou sucr\u00e9es<\/strong>, servies \u00e0 l\u2019heure du d\u00e9jeuner ou en soir\u00e9e, peuvent \u00eatre enrichies de :<\/p><p>\ud83c\udfad <strong>Animations culinaires interactives<\/strong> \ud83c\udfa8 <strong>Ateliers th\u00e9matiques originaux<\/strong><\/p><p>\ud83d\udc68\u200d\ud83c\udf73 Ces prestations peuvent \u00eatre <strong>sign\u00e9es ou co-sign\u00e9es par des chefs et p\u00e2tissiers renomm\u00e9s<\/strong>, en collaboration avec les talents du groupe LibertParis.<\/p><div>\u00a0<\/div><h3>\ud83c\uddeb\ud83c\uddf7 <strong>L\u2019art du service \u00e0 la fran\u00e7aise<\/strong><\/h3><p>Nos d\u00eeners d\u2019exception c\u00e9l\u00e8brent :<\/p><p>\ud83e\udd42 Le raffinement du service \u00e0 la fran\u00e7aise \ud83c\udf77 La ma\u00eetrise parfaite des gestes \ud83c\udf70 La revisite des grands classiques de la gastronomie<\/p><p>Ils sont port\u00e9s par nos <strong>cuisiniers<\/strong>, <strong>p\u00e2tissiers<\/strong> et <strong>artisans confiseurs<\/strong>, tous anim\u00e9s par la passion du go\u00fbt et de l\u2019excellence.<\/p>\t\t\t\t\t\t\t\t<\/div>\n\t\t\t\t<div class=\"elementor-element elementor-element-4dd0cf5 elementor-widget elementor-widget-spacer\" data-id=\"4dd0cf5\" data-element_type=\"widget\" data-widget_type=\"spacer.default\">\n\t\t\t\t\t\t\t<div class=\"elementor-spacer\">\n\t\t\t<div class=\"elementor-spacer-inner\"><\/div>\n\t\t<\/div>\n\t\t\t\t\t\t<\/div>\n\t\t\t\t\t<\/div>\n\t\t\t\t<\/div>\n\t\t<div class=\"elementor-element elementor-element-e17200d e-flex e-con-boxed wpr-particle-no wpr-jarallax-no wpr-parallax-no wpr-sticky-section-no e-con e-parent\" data-id=\"e17200d\" data-element_type=\"container\">\n\t\t\t\t\t<div class=\"e-con-inner\">\n\t\t\t\t<div class=\"elementor-element elementor-element-75caf3c elementor-widget elementor-widget-heading\" data-id=\"75caf3c\" data-element_type=\"widget\" data-widget_type=\"heading.default\">\n\t\t\t\t\t<h2 class=\"elementor-heading-title elementor-size-default\">L\u2019ART CULINAIRE AU SERVICE DE VOS \u00c9V\u00c9NEMENTS CORPORATE<\/h2>\t\t\t\t<\/div>\n\t\t\t\t<div class=\"elementor-element elementor-element-e59dc14 elementor-widget-divider--view-line elementor-widget elementor-widget-divider\" data-id=\"e59dc14\" data-element_type=\"widget\" data-widget_type=\"divider.default\">\n\t\t\t\t\t\t\t<div class=\"elementor-divider\">\n\t\t\t<span class=\"elementor-divider-separator\">\n\t\t\t\t\t\t<\/span>\n\t\t<\/div>\n\t\t\t\t\t\t<\/div>\n\t\t\t\t<div class=\"elementor-element elementor-element-dcef61d elementor-widget elementor-widget-text-editor\" data-id=\"dcef61d\" data-element_type=\"widget\" data-widget_type=\"text-editor.default\">\n\t\t\t\t\t\t\t\t\t<p><strong>Quelles que soient vos attentes, le service traiteur de LibertParis s\u2019ajuste avec finesse \u00e0 vos envies.<\/strong><\/p>\t\t\t\t\t\t\t\t<\/div>\n\t\t\t\t\t<\/div>\n\t\t\t\t<\/div>\n\t\t<div class=\"elementor-element elementor-element-6b97920 e-flex e-con-boxed wpr-particle-no wpr-jarallax-no wpr-parallax-no wpr-sticky-section-no e-con e-parent\" data-id=\"6b97920\" data-element_type=\"container\">\n\t\t\t\t\t<div class=\"e-con-inner\">\n\t\t<div class=\"elementor-element elementor-element-76c36c4 e-con-full e-flex wpr-particle-no wpr-jarallax-no wpr-parallax-no wpr-sticky-section-no e-con e-child\" data-id=\"76c36c4\" data-element_type=\"container\">\n\t\t\t\t<div class=\"elementor-element elementor-element-8f4e7bb elementor-widget elementor-widget-image\" data-id=\"8f4e7bb\" data-element_type=\"widget\" data-widget_type=\"image.default\">\n\t\t\t\t\t\t\t\t\t\t\t\t\t\t\t<img fetchpriority=\"high\" decoding=\"async\" width=\"683\" height=\"1024\" src=\"https:\/\/libertparis.com\/wp-content\/uploads\/2025\/12\/Martens_DSC5605-683x1024.webp\" class=\"attachment-large size-large wp-image-2183\" alt=\"\" srcset=\"https:\/\/libertparis.com\/wp-content\/uploads\/2025\/12\/Martens_DSC5605-683x1024.webp 683w, https:\/\/libertparis.com\/wp-content\/uploads\/2025\/12\/Martens_DSC5605-200x300.webp 200w, https:\/\/libertparis.com\/wp-content\/uploads\/2025\/12\/Martens_DSC5605-768x1152.webp 768w, https:\/\/libertparis.com\/wp-content\/uploads\/2025\/12\/Martens_DSC5605.webp 1000w\" sizes=\"(max-width: 683px) 100vw, 683px\" \/>\t\t\t\t\t\t\t\t\t\t\t\t\t\t\t<\/div>\n\t\t\t\t<\/div>\n\t\t<div class=\"elementor-element elementor-element-ef297a8 e-con-full e-flex wpr-particle-no wpr-jarallax-no wpr-parallax-no wpr-sticky-section-no e-con e-child\" data-id=\"ef297a8\" data-element_type=\"container\">\n\t\t\t\t<div class=\"elementor-element elementor-element-3962e0c elementor-widget elementor-widget-text-editor\" data-id=\"3962e0c\" data-element_type=\"widget\" data-widget_type=\"text-editor.default\">\n\t\t\t\t\t\t\t\t\t<p>D\u00e9couvrez une large palette de formules et de prestations sur mesure, parmi lesquelles :<\/p><h3>\ud83c\udf7d\ufe0f <strong>Des instants gourmands pour vos \u00e9v\u00e9nements d\u2019entreprise<\/strong><\/h3><p><strong>Petit d\u00e9jeuner d\u2019\u00e9quipe<\/strong> Commencez la journ\u00e9e avec une pause conviviale autour de viennoiseries dor\u00e9es, douceurs sucr\u00e9es, fruits frais et tartines g\u00e9n\u00e9reuses, accompagn\u00e9s de boissons chaudes ou rafra\u00eechissantes. \u2615 Nos formules s\u2019adaptent \u00e0 vos besoins : du <strong>petit d\u00e9jeuner classique<\/strong> pour vos r\u00e9unions matinales au <strong>petit d\u00e9jeuner prestige<\/strong> pour vos \u00e9v\u00e9nements d\u2019envergure.<\/p><p><strong>Pi\u00e8ces cocktails<\/strong> Id\u00e9ales pour vos r\u00e9ceptions debout, nos bouch\u00e9es <strong>sal\u00e9es et sucr\u00e9es<\/strong> allient finesse et cr\u00e9ativit\u00e9. \ud83c\udf62 Elles s\u2019imposent comme les incontournables de vos soir\u00e9es professionnelles, alliant praticit\u00e9 et \u00e9l\u00e9gance.<\/p><p><strong>Buffet froid<\/strong> Pour vos repas d\u2019entreprise, optez pour un buffet froid compos\u00e9 de <strong>mets savoureux<\/strong>, de l\u2019entr\u00e9e au dessert. \ud83c\udf7d\ufe0f \u00c0 d\u00e9guster debout ou assis, il offre une solution gourmande et flexible, adapt\u00e9e \u00e0 tous les formats d\u2019\u00e9v\u00e9nements.<\/p>\t\t\t\t\t\t\t\t<\/div>\n\t\t\t\t<\/div>\n\t\t\t\t\t<\/div>\n\t\t\t\t<\/div>\n\t\t<div class=\"elementor-element elementor-element-485d68a e-flex e-con-boxed wpr-particle-no wpr-jarallax-no wpr-parallax-no wpr-sticky-section-no e-con e-parent\" data-id=\"485d68a\" data-element_type=\"container\">\n\t\t\t\t\t<div class=\"e-con-inner\">\n\t\t<div class=\"elementor-element elementor-element-a8c5b1a e-con-full e-flex wpr-particle-no wpr-jarallax-no wpr-parallax-no wpr-sticky-section-no e-con e-child\" data-id=\"a8c5b1a\" data-element_type=\"container\">\n\t\t\t\t<div class=\"elementor-element elementor-element-33fa349 elementor-widget elementor-widget-heading\" data-id=\"33fa349\" data-element_type=\"widget\" data-widget_type=\"heading.default\">\n\t\t\t\t\t<h2 class=\"elementor-heading-title elementor-size-default\">\ud83c\udf7d\ufe0f Livraison de plateaux-repas en entreprise<\/h2>\t\t\t\t<\/div>\n\t\t\t\t<div class=\"elementor-element elementor-element-d7c3ab5 elementor-widget elementor-widget-text-editor\" data-id=\"d7c3ab5\" data-element_type=\"widget\" data-widget_type=\"text-editor.default\">\n\t\t\t\t\t\t\t\t\t<p>Offrez \u00e0 vos collaborateurs, clients ou partenaires des plateaux-repas savoureux et \u00e9quilibr\u00e9s, \u00e9labor\u00e9s \u00e0 partir d\u2019ingr\u00e9dients frais et vari\u00e9s : viandes, poissons, l\u00e9gumes et bien plus encore. Choisissez parmi nos 4 formules personnalisables \u2014 <strong>Bistrots<\/strong>, <strong>Essentiels<\/strong>, <strong>Gourmands<\/strong> et <strong>Prestiges<\/strong> \u2014 et proposez des menus adapt\u00e9s \u00e0 toutes les envies et occasions.<\/p><p>\ud83c\udf89 Envie d\u2019originalit\u00e9 ? Transformez votre pause d\u00e9jeuner en moment d\u2019exception gr\u00e2ce \u00e0 nos <strong>animations culinaires<\/strong> : une exp\u00e9rience gustative unique et conviviale \u00e0 partager !<\/p>\t\t\t\t\t\t\t\t<\/div>\n\t\t\t\t<\/div>\n\t\t<div class=\"elementor-element elementor-element-b2b8e5f e-con-full e-flex wpr-particle-no wpr-jarallax-no wpr-parallax-no wpr-sticky-section-no e-con e-child\" data-id=\"b2b8e5f\" data-element_type=\"container\">\n\t\t\t\t<div class=\"elementor-element elementor-element-3aa74f9 elementor-widget elementor-widget-image\" data-id=\"3aa74f9\" data-element_type=\"widget\" data-widget_type=\"image.default\">\n\t\t\t\t\t\t\t\t\t\t\t\t\t\t\t<img decoding=\"async\" width=\"1\" height=\"1\" src=\"https:\/\/libertparis.com\/wp-content\/uploads\/2025\/12\/Martens_DSC5571.webp\" class=\"attachment-medium_large size-medium_large wp-image-2181\" alt=\"\" \/>\t\t\t\t\t\t\t\t\t\t\t\t\t\t\t<\/div>\n\t\t\t\t<\/div>\n\t\t\t\t\t<\/div>\n\t\t\t\t<\/div>\n\t\t\t\t<\/div>\n\t\t","protected":false},"excerpt":{"rendered":"<p>CUISINE RAFFIN\u00c9E AU SERVICE DES PROFESSIONNELS R\u00c9UNION CONVIVIALE ENTRE COLLABORATEURS \ud83c\udf1f LibertParis : l\u2019excellence culinaire au service des entreprises Depuis plusieurs d\u00e9cennies, notre savoir-faire en mati\u00e8re de traiteur haut de gamme s\u2019est impos\u00e9 comme une r\u00e9f\u00e9rence d\u2019excellence aupr\u00e8s des professionnels. \ud83c\udf78 Cocktails raffin\u00e9s, \ud83c\udf7d\ufe0f repas assis, \ud83c\udfa9 d\u00eeners de gala : chaque \u00e9v\u00e9nement est con\u00e7u avec un souci constant du d\u00e9tail et du perfectionnement. \ud83c\udfdb\ufe0f Que la r\u00e9ception soit prestigieuse dans un lieu d\u2019exception ou plus d\u00e9contract\u00e9e au sein de votre entreprise, nous garantissons une qualit\u00e9 irr\u00e9prochable pour chaque pi\u00e8ce et chaque plat. \u2728 Surprendre et ravir vos convives est notre priorit\u00e9 absolue. \u00a0 \ud83c\udf74 Des cr\u00e9ations culinaires sur mesure Nos pi\u00e8ces cocktails sal\u00e9es ou sucr\u00e9es, servies \u00e0 l\u2019heure du d\u00e9jeuner ou en soir\u00e9e, peuvent \u00eatre enrichies de : \ud83c\udfad Animations culinaires interactives \ud83c\udfa8 Ateliers th\u00e9matiques originaux \ud83d\udc68\u200d\ud83c\udf73 Ces prestations peuvent \u00eatre sign\u00e9es ou co-sign\u00e9es par des chefs et p\u00e2tissiers renomm\u00e9s, en collaboration avec les talents du groupe LibertParis. \u00a0 \ud83c\uddeb\ud83c\uddf7 L\u2019art du service \u00e0 la fran\u00e7aise Nos d\u00eeners d\u2019exception c\u00e9l\u00e8brent : \ud83e\udd42 Le raffinement du service \u00e0 la fran\u00e7aise \ud83c\udf77 La ma\u00eetrise parfaite des gestes \ud83c\udf70 La revisite des grands classiques de la gastronomie Ils sont port\u00e9s par nos cuisiniers, p\u00e2tissiers et artisans confiseurs, tous anim\u00e9s par la passion du go\u00fbt et de l\u2019excellence. L\u2019ART CULINAIRE AU SERVICE DE VOS \u00c9V\u00c9NEMENTS CORPORATE Quelles que soient vos attentes, le service traiteur de LibertParis s\u2019ajuste avec finesse \u00e0 vos envies. D\u00e9couvrez une large palette de formules et de prestations sur mesure, parmi lesquelles : \ud83c\udf7d\ufe0f Des instants gourmands pour vos \u00e9v\u00e9nements d\u2019entreprise Petit d\u00e9jeuner d\u2019\u00e9quipe Commencez la journ\u00e9e avec une pause conviviale autour de viennoiseries dor\u00e9es, douceurs sucr\u00e9es, fruits frais et tartines g\u00e9n\u00e9reuses, accompagn\u00e9s de boissons chaudes ou rafra\u00eechissantes. \u2615 Nos formules s\u2019adaptent \u00e0 vos besoins : du petit d\u00e9jeuner classique pour vos r\u00e9unions matinales au petit d\u00e9jeuner prestige pour vos \u00e9v\u00e9nements d\u2019envergure. Pi\u00e8ces cocktails Id\u00e9ales pour vos r\u00e9ceptions debout, nos bouch\u00e9es sal\u00e9es et sucr\u00e9es allient finesse et cr\u00e9ativit\u00e9. \ud83c\udf62 Elles s\u2019imposent comme les incontournables de vos soir\u00e9es professionnelles, alliant praticit\u00e9 et \u00e9l\u00e9gance. Buffet froid Pour vos repas d\u2019entreprise, optez pour un buffet froid compos\u00e9 de mets savoureux, de l\u2019entr\u00e9e au dessert. \ud83c\udf7d\ufe0f \u00c0 d\u00e9guster debout ou assis, il offre une solution gourmande et flexible, adapt\u00e9e \u00e0 tous les formats d\u2019\u00e9v\u00e9nements. \ud83c\udf7d\ufe0f Livraison de plateaux-repas en entreprise Offrez \u00e0 vos collaborateurs, clients ou partenaires des plateaux-repas savoureux et \u00e9quilibr\u00e9s, \u00e9labor\u00e9s \u00e0 partir d\u2019ingr\u00e9dients frais et vari\u00e9s : viandes, poissons, l\u00e9gumes et bien plus encore. Choisissez parmi nos 4 formules personnalisables \u2014 Bistrots, Essentiels, Gourmands et Prestiges \u2014 et proposez des menus adapt\u00e9s \u00e0 toutes les envies et occasions. \ud83c\udf89 Envie d\u2019originalit\u00e9 ? Transformez votre pause d\u00e9jeuner en moment d\u2019exception gr\u00e2ce \u00e0 nos animations culinaires : une exp\u00e9rience gustative unique et conviviale \u00e0 partager !<\/p>\n","protected":false},"author":3,"featured_media":0,"parent":833,"menu_order":0,"comment_status":"closed","ping_status":"closed","template":"","meta":{"ocean_post_layout":"","ocean_both_sidebars_style":"","ocean_both_sidebars_content_width":0,"ocean_both_sidebars_sidebars_width":0,"ocean_sidebar":"","ocean_second_sidebar":"","ocean_disable_margins":"enable","ocean_add_body_class":"","ocean_shortcode_before_top_bar":"","ocean_shortcode_after_top_bar":"","ocean_shortcode_before_header":"","ocean_shortcode_after_header":"","ocean_has_shortcode":"","ocean_shortcode_after_title":"","ocean_shortcode_before_footer_widgets":"","ocean_shortcode_after_footer_widgets":"","ocean_shortcode_before_footer_bottom":"","ocean_shortcode_after_footer_bottom":"","ocean_display_top_bar":"default","ocean_display_header":"default","ocean_header_style":"","ocean_center_header_left_menu":"","ocean_custom_header_template":"","ocean_custom_logo":0,"ocean_custom_retina_logo":0,"ocean_custom_logo_max_width":0,"ocean_custom_logo_tablet_max_width":0,"ocean_custom_logo_mobile_max_width":0,"ocean_custom_logo_max_height":0,"ocean_custom_logo_tablet_max_height":0,"ocean_custom_logo_mobile_max_height":0,"ocean_header_custom_menu":"","ocean_menu_typo_font_family":"","ocean_menu_typo_font_subset":"","ocean_menu_typo_font_size":0,"ocean_menu_typo_font_size_tablet":0,"ocean_menu_typo_font_size_mobile":0,"ocean_menu_typo_font_size_unit":"px","ocean_menu_typo_font_weight":"","ocean_menu_typo_font_weight_tablet":"","ocean_menu_typo_font_weight_mobile":"","ocean_menu_typo_transform":"","ocean_menu_typo_transform_tablet":"","ocean_menu_typo_transform_mobile":"","ocean_menu_typo_line_height":0,"ocean_menu_typo_line_height_tablet":0,"ocean_menu_typo_line_height_mobile":0,"ocean_menu_typo_line_height_unit":"","ocean_menu_typo_spacing":0,"ocean_menu_typo_spacing_tablet":0,"ocean_menu_typo_spacing_mobile":0,"ocean_menu_typo_spacing_unit":"","ocean_menu_link_color":"","ocean_menu_link_color_hover":"","ocean_menu_link_color_active":"","ocean_menu_link_background":"","ocean_menu_link_hover_background":"","ocean_menu_link_active_background":"","ocean_menu_social_links_bg":"","ocean_menu_social_hover_links_bg":"","ocean_menu_social_links_color":"","ocean_menu_social_hover_links_color":"","ocean_disable_title":"default","ocean_disable_heading":"default","ocean_post_title":"","ocean_post_subheading":"","ocean_post_title_style":"","ocean_post_title_background_color":"","ocean_post_title_background":0,"ocean_post_title_bg_image_position":"","ocean_post_title_bg_image_attachment":"","ocean_post_title_bg_image_repeat":"","ocean_post_title_bg_image_size":"","ocean_post_title_height":0,"ocean_post_title_bg_overlay":0.5,"ocean_post_title_bg_overlay_color":"","ocean_disable_breadcrumbs":"default","ocean_breadcrumbs_color":"","ocean_breadcrumbs_separator_color":"","ocean_breadcrumbs_links_color":"","ocean_breadcrumbs_links_hover_color":"","ocean_display_footer_widgets":"default","ocean_display_footer_bottom":"default","ocean_custom_footer_template":"","footnotes":""},"class_list":["post-905","page","type-page","status-publish","hentry","entry"],"_links":{"self":[{"href":"https:\/\/libertparis.com\/index.php\/wp-json\/wp\/v2\/pages\/905","targetHints":{"allow":["GET"]}}],"collection":[{"href":"https:\/\/libertparis.com\/index.php\/wp-json\/wp\/v2\/pages"}],"about":[{"href":"https:\/\/libertparis.com\/index.php\/wp-json\/wp\/v2\/types\/page"}],"author":[{"embeddable":true,"href":"https:\/\/libertparis.com\/index.php\/wp-json\/wp\/v2\/users\/3"}],"replies":[{"embeddable":true,"href":"https:\/\/libertparis.com\/index.php\/wp-json\/wp\/v2\/comments?post=905"}],"version-history":[{"count":60,"href":"https:\/\/libertparis.com\/index.php\/wp-json\/wp\/v2\/pages\/905\/revisions"}],"predecessor-version":[{"id":2212,"href":"https:\/\/libertparis.com\/index.php\/wp-json\/wp\/v2\/pages\/905\/revisions\/2212"}],"up":[{"embeddable":true,"href":"https:\/\/libertparis.com\/index.php\/wp-json\/wp\/v2\/pages\/833"}],"wp:attachment":[{"href":"https:\/\/libertparis.com\/index.php\/wp-json\/wp\/v2\/media?parent=905"}],"curies":[{"name":"wp","href":"https:\/\/api.w.org\/{rel}","templated":true}]}}