{"id":847,"date":"2025-10-03T21:35:58","date_gmt":"2025-10-03T21:35:58","guid":{"rendered":"https:\/\/libertparis.com\/?page_id=847"},"modified":"2025-12-08T21:57:56","modified_gmt":"2025-12-08T21:57:56","slug":"a-propos-de-nous","status":"publish","type":"page","link":"https:\/\/libertparis.com\/index.php\/a-propos-de-nous\/","title":{"rendered":"A PROPOS DE NOUS"},"content":{"rendered":"\t\t<div data-elementor-type=\"wp-page\" data-elementor-id=\"847\" class=\"elementor elementor-847\">\n\t\t\t\t<div class=\"elementor-element elementor-element-5009cf3 e-flex e-con-boxed wpr-particle-no wpr-jarallax-no wpr-parallax-no wpr-sticky-section-no e-con e-parent\" data-id=\"5009cf3\" data-element_type=\"container\">\n\t\t\t\t\t<div class=\"e-con-inner\">\n\t\t\t\t<div class=\"elementor-element elementor-element-413c766 elementor-widget elementor-widget-spacer\" data-id=\"413c766\" data-element_type=\"widget\" data-widget_type=\"spacer.default\">\n\t\t\t\t\t\t\t<div class=\"elementor-spacer\">\n\t\t\t<div class=\"elementor-spacer-inner\"><\/div>\n\t\t<\/div>\n\t\t\t\t\t\t<\/div>\n\t\t\t\t<div class=\"elementor-element elementor-element-3f4e17c elementor-widget elementor-widget-heading\" data-id=\"3f4e17c\" data-element_type=\"widget\" data-widget_type=\"heading.default\">\n\t\t\t\t\t<h2 class=\"elementor-heading-title elementor-size-default\">A PROPOS DE NOUS<\/h2>\t\t\t\t<\/div>\n\t\t\t\t<div class=\"elementor-element elementor-element-77a2b3a elementor-widget-divider--view-line elementor-widget elementor-widget-divider\" data-id=\"77a2b3a\" data-element_type=\"widget\" data-widget_type=\"divider.default\">\n\t\t\t\t\t\t\t<div class=\"elementor-divider\">\n\t\t\t<span class=\"elementor-divider-separator\">\n\t\t\t\t\t\t<\/span>\n\t\t<\/div>\n\t\t\t\t\t\t<\/div>\n\t\t\t\t\t<\/div>\n\t\t\t\t<\/div>\n\t\t<div class=\"elementor-element elementor-element-48ec784 e-flex e-con-boxed wpr-particle-no wpr-jarallax-no wpr-parallax-no wpr-sticky-section-no e-con e-parent\" data-id=\"48ec784\" data-element_type=\"container\">\n\t\t\t\t\t<div class=\"e-con-inner\">\n\t\t\t\t<div class=\"elementor-element elementor-element-cb87b78 elementor-widget elementor-widget-text-editor\" data-id=\"cb87b78\" data-element_type=\"widget\" data-widget_type=\"text-editor.default\">\n\t\t\t\t\t\t\t\t\t<p>\u00a0<\/p><p>\u2728 <strong>L\u2019art de recevoir, r\u00e9invent\u00e9.<\/strong><\/p><p>Bas\u00e9 au c\u0153ur de Paris, notre maison de traiteur \u00e9v\u00e9nementiel haut de gamme incarne l\u2019excellence culinaire et le raffinement \u00e0 la fran\u00e7aise. Nous cr\u00e9ons des exp\u00e9riences gastronomiques sur mesure pour les \u00e9v\u00e9nements les plus prestigieux : mariages \u00e9l\u00e9gants, lancements de marque, galas, soir\u00e9es priv\u00e9es, et r\u00e9ceptions d\u2019entreprise.<\/p><p>\ud83c\udfa9 <strong>Notre signature : l\u2019\u00e9l\u00e9gance et l\u2019\u00e9motion.<\/strong><\/p><p>Chaque \u00e9v\u00e9nement est une \u0153uvre d\u2019art. Nos chefs talentueux allient cr\u00e9ativit\u00e9 et savoir-faire pour concevoir des menus d\u2019exception, inspir\u00e9s des saisons et des produits d\u2019origine locale. Du cocktail dinatoire au d\u00eener \u00e9toil\u00e9, chaque bouch\u00e9e raconte une histoire.<\/p><p>\ud83c\udf1f <strong>Un service irr\u00e9prochable.<\/strong><\/p><p>Notre \u00e9quipe d\u00e9di\u00e9e vous accompagne avec discr\u00e9tion et professionnalisme, de la conception \u00e0 la r\u00e9alisation de votre \u00e9v\u00e9nement. Nous collaborons avec les meilleurs d\u00e9corateurs, fleuristes et lieux parisiens pour offrir une prestation cl\u00e9 en main, \u00e0 la hauteur de vos ambitions.<\/p><p>\ud83c\udf7e <strong>Pourquoi nous choisir ?<\/strong><\/p><ul><li>Cuisine gastronomique sur mesure<\/li><li>Produits frais, locaux et de saison<\/li><li>Service haut de gamme et personnalis\u00e9<\/li><li>Expertise \u00e9v\u00e9nementielle reconnue<\/li><li>Partenariats avec les lieux les plus prestigieux de Paris<\/li><\/ul>\t\t\t\t\t\t\t\t<\/div>\n\t\t\t\t<div class=\"elementor-element elementor-element-40c50ce elementor-widget elementor-widget-spacer\" data-id=\"40c50ce\" data-element_type=\"widget\" data-widget_type=\"spacer.default\">\n\t\t\t\t\t\t\t<div class=\"elementor-spacer\">\n\t\t\t<div class=\"elementor-spacer-inner\"><\/div>\n\t\t<\/div>\n\t\t\t\t\t\t<\/div>\n\t\t\t\t\t<\/div>\n\t\t\t\t<\/div>\n\t\t\t\t<\/div>\n\t\t","protected":false},"excerpt":{"rendered":"<p>A PROPOS DE NOUS \u00a0 \u2728 L\u2019art de recevoir, r\u00e9invent\u00e9. Bas\u00e9 au c\u0153ur de Paris, notre maison de traiteur \u00e9v\u00e9nementiel haut de gamme incarne l\u2019excellence culinaire et le raffinement \u00e0 la fran\u00e7aise. Nous cr\u00e9ons des exp\u00e9riences gastronomiques sur mesure pour les \u00e9v\u00e9nements les plus prestigieux : mariages \u00e9l\u00e9gants, lancements de marque, galas, soir\u00e9es priv\u00e9es, et r\u00e9ceptions d\u2019entreprise. \ud83c\udfa9 Notre signature : l\u2019\u00e9l\u00e9gance et l\u2019\u00e9motion. Chaque \u00e9v\u00e9nement est une \u0153uvre d\u2019art. Nos chefs talentueux allient cr\u00e9ativit\u00e9 et savoir-faire pour concevoir des menus d\u2019exception, inspir\u00e9s des saisons et des produits d\u2019origine locale. Du cocktail dinatoire au d\u00eener \u00e9toil\u00e9, chaque bouch\u00e9e raconte une histoire. \ud83c\udf1f Un service irr\u00e9prochable. Notre \u00e9quipe d\u00e9di\u00e9e vous accompagne avec discr\u00e9tion et professionnalisme, de la conception \u00e0 la r\u00e9alisation de votre \u00e9v\u00e9nement. Nous collaborons avec les meilleurs d\u00e9corateurs, fleuristes et lieux parisiens pour offrir une prestation cl\u00e9 en main, \u00e0 la hauteur de vos ambitions. \ud83c\udf7e Pourquoi nous choisir ? Cuisine gastronomique sur mesure Produits frais, locaux et de saison Service haut de gamme et personnalis\u00e9 Expertise \u00e9v\u00e9nementielle reconnue Partenariats avec les lieux les plus prestigieux de Paris<\/p>\n","protected":false},"author":3,"featured_media":0,"parent":0,"menu_order":0,"comment_status":"closed","ping_status":"closed","template":"","meta":{"ocean_post_layout":"","ocean_both_sidebars_style":"","ocean_both_sidebars_content_width":0,"ocean_both_sidebars_sidebars_width":0,"ocean_sidebar":"","ocean_second_sidebar":"","ocean_disable_margins":"enable","ocean_add_body_class":"","ocean_shortcode_before_top_bar":"","ocean_shortcode_after_top_bar":"","ocean_shortcode_before_header":"","ocean_shortcode_after_header":"","ocean_has_shortcode":"","ocean_shortcode_after_title":"","ocean_shortcode_before_footer_widgets":"","ocean_shortcode_after_footer_widgets":"","ocean_shortcode_before_footer_bottom":"","ocean_shortcode_after_footer_bottom":"","ocean_display_top_bar":"default","ocean_display_header":"default","ocean_header_style":"","ocean_center_header_left_menu":"","ocean_custom_header_template":"","ocean_custom_logo":0,"ocean_custom_retina_logo":0,"ocean_custom_logo_max_width":0,"ocean_custom_logo_tablet_max_width":0,"ocean_custom_logo_mobile_max_width":0,"ocean_custom_logo_max_height":0,"ocean_custom_logo_tablet_max_height":0,"ocean_custom_logo_mobile_max_height":0,"ocean_header_custom_menu":"","ocean_menu_typo_font_family":"","ocean_menu_typo_font_subset":"","ocean_menu_typo_font_size":0,"ocean_menu_typo_font_size_tablet":0,"ocean_menu_typo_font_size_mobile":0,"ocean_menu_typo_font_size_unit":"px","ocean_menu_typo_font_weight":"","ocean_menu_typo_font_weight_tablet":"","ocean_menu_typo_font_weight_mobile":"","ocean_menu_typo_transform":"","ocean_menu_typo_transform_tablet":"","ocean_menu_typo_transform_mobile":"","ocean_menu_typo_line_height":0,"ocean_menu_typo_line_height_tablet":0,"ocean_menu_typo_line_height_mobile":0,"ocean_menu_typo_line_height_unit":"","ocean_menu_typo_spacing":0,"ocean_menu_typo_spacing_tablet":0,"ocean_menu_typo_spacing_mobile":0,"ocean_menu_typo_spacing_unit":"","ocean_menu_link_color":"","ocean_menu_link_color_hover":"","ocean_menu_link_color_active":"","ocean_menu_link_background":"","ocean_menu_link_hover_background":"","ocean_menu_link_active_background":"","ocean_menu_social_links_bg":"","ocean_menu_social_hover_links_bg":"","ocean_menu_social_links_color":"","ocean_menu_social_hover_links_color":"","ocean_disable_title":"default","ocean_disable_heading":"default","ocean_post_title":"","ocean_post_subheading":"","ocean_post_title_style":"","ocean_post_title_background_color":"","ocean_post_title_background":0,"ocean_post_title_bg_image_position":"","ocean_post_title_bg_image_attachment":"","ocean_post_title_bg_image_repeat":"","ocean_post_title_bg_image_size":"","ocean_post_title_height":0,"ocean_post_title_bg_overlay":0.5,"ocean_post_title_bg_overlay_color":"","ocean_disable_breadcrumbs":"default","ocean_breadcrumbs_color":"","ocean_breadcrumbs_separator_color":"","ocean_breadcrumbs_links_color":"","ocean_breadcrumbs_links_hover_color":"","ocean_display_footer_widgets":"default","ocean_display_footer_bottom":"default","ocean_custom_footer_template":"","footnotes":""},"class_list":["post-847","page","type-page","status-publish","hentry","entry"],"_links":{"self":[{"href":"https:\/\/libertparis.com\/index.php\/wp-json\/wp\/v2\/pages\/847","targetHints":{"allow":["GET"]}}],"collection":[{"href":"https:\/\/libertparis.com\/index.php\/wp-json\/wp\/v2\/pages"}],"about":[{"href":"https:\/\/libertparis.com\/index.php\/wp-json\/wp\/v2\/types\/page"}],"author":[{"embeddable":true,"href":"https:\/\/libertparis.com\/index.php\/wp-json\/wp\/v2\/users\/3"}],"replies":[{"embeddable":true,"href":"https:\/\/libertparis.com\/index.php\/wp-json\/wp\/v2\/comments?post=847"}],"version-history":[{"count":43,"href":"https:\/\/libertparis.com\/index.php\/wp-json\/wp\/v2\/pages\/847\/revisions"}],"predecessor-version":[{"id":2106,"href":"https:\/\/libertparis.com\/index.php\/wp-json\/wp\/v2\/pages\/847\/revisions\/2106"}],"wp:attachment":[{"href":"https:\/\/libertparis.com\/index.php\/wp-json\/wp\/v2\/media?parent=847"}],"curies":[{"name":"wp","href":"https:\/\/api.w.org\/{rel}","templated":true}]}}